{"id":957,"date":"2026-02-13T21:15:48","date_gmt":"2026-02-13T14:15:48","guid":{"rendered":"https:\/\/staging1.kikiporai.com\/?page_id=957"},"modified":"2026-02-13T21:20:03","modified_gmt":"2026-02-13T14:20:03","slug":"refund_returns","status":"publish","type":"page","link":"https:\/\/chiangmainewyearcountdown.kikiporai.com\/pt\/refund_returns\/","title":{"rendered":"Refund and Returns Policy"},"content":{"rendered":"<div data-elementor-type=\"wp-page\" data-elementor-id=\"957\" class=\"elementor elementor-957\" data-elementor-post-type=\"page\">\n\t\t\t\t<div class=\"elementor-element elementor-element-44a8fec9 e-flex e-con-boxed e-con e-parent\" data-id=\"44a8fec9\" data-element_type=\"container\" data-e-type=\"container\">\n\t\t\t\t\t<div class=\"e-con-inner\">\n\t\t\t\t<div class=\"elementor-element elementor-element-2a1f9837 elementor-widget elementor-widget-text-editor\" data-id=\"2a1f9837\" data-element_type=\"widget\" data-e-type=\"widget\" data-widget_type=\"text-editor.default\">\n\t\t\t\t<div class=\"elementor-widget-container\">\n\t\t\t\t\t\t\t\t\t\n<h2>\u00a0<\/h2>\n<h2><b>Pol\u00edticas e Condi\u00e7\u00f5es<\/b><\/h2>\n<p><span style=\"font-weight: 400;\">Ao solicitar e efetuar a compra do ingresso, a pessoa respons\u00e1vel pela reserva declara estar de acordo com os termos abaixo e assume a responsabilidade por todos os participantes inclu\u00eddos na compra.<\/span><\/p>\n<h3><b>Responsabilidades do CANAL DE VENDAS<\/b><\/h3>\n<p><span style=\"font-weight: 400;\">O CANAL DE VENDAS \u00e9 respons\u00e1vel por:<\/span><\/p>\n<ul>\n<li style=\"font-weight: 400;\" aria-level=\"1\"><span style=\"font-weight: 400;\">Emitir os ingressos fornecidos pelo organizador do evento<\/span><\/li>\n<li style=\"font-weight: 400;\" aria-level=\"1\"><span style=\"font-weight: 400;\">Realizar a comunica\u00e7\u00e3o com os participantes sobre informa\u00e7\u00f5es, hor\u00e1rios e detalhes do evento<\/span><\/li>\n<li style=\"font-weight: 400;\" aria-level=\"1\"><span style=\"font-weight: 400;\">Oferecer suporte relacionado ao processo de pagamento, de acordo com as pol\u00edticas estabelecidas pelo organizador<\/span><\/li>\n<\/ul>\n<h3><b>Limita\u00e7\u00f5es de responsabilidade do CANAL DE VENDAS<\/b><\/h3>\n<p><span style=\"font-weight: 400;\">O CANAL DE VENDAS n\u00e3o se responsabiliza por:<\/span><\/p>\n<ul>\n<li style=\"font-weight: 400;\" aria-level=\"1\"><span style=\"font-weight: 400;\">Qualquer problema relacionado \u00e0 execu\u00e7\u00e3o do evento ou aos servi\u00e7os prestados pelo organizador, incluindo check-in, transporte e atividades no local<\/span><\/li>\n<li style=\"font-weight: 400;\" aria-level=\"1\"><span style=\"font-weight: 400;\">Altera\u00e7\u00f5es na programa\u00e7\u00e3o, cancelamentos ou dificuldades operacionais<\/span><\/li>\n<li style=\"font-weight: 400;\" aria-level=\"1\"><span style=\"font-weight: 400;\">Perdas, danos materiais, ferimentos ou acidentes sofridos pelos participantes, incluindo aqueles ocorridos fora do programa oficial do festival<\/span><\/li>\n<li style=\"font-weight: 400;\" aria-level=\"1\"><span style=\"font-weight: 400;\">Custos adicionais decorrentes de atrasos, acidentes, desastres naturais, condi\u00e7\u00f5es clim\u00e1ticas, a\u00e7\u00f5es pol\u00edticas, manifesta\u00e7\u00f5es ou eventos de for\u00e7a maior<\/span><\/li>\n<\/ul>\n<h3><b>Condi\u00e7\u00f5es de compra<\/b><\/h3>\n<ul>\n<li style=\"font-weight: 400;\" aria-level=\"1\"><span style=\"font-weight: 400;\">Todas as vendas s\u00e3o finais<\/span><\/li>\n<li style=\"font-weight: 400;\" aria-level=\"1\"><span style=\"font-weight: 400;\">Os ingressos n\u00e3o s\u00e3o reembols\u00e1veis em nenhuma hip\u00f3tese<\/span><\/li>\n<li style=\"font-weight: 400;\" aria-level=\"1\"><span style=\"font-weight: 400;\">A execu\u00e7\u00e3o total do evento \u00e9 de responsabilidade exclusiva do organizador<\/span><\/li>\n<li style=\"font-weight: 400;\" aria-level=\"1\"><span style=\"font-weight: 400;\">O CANAL DE VENDAS atua apenas como intermediador e n\u00e3o possui autoridade para alterar decis\u00f5es, regras ou procedimentos definidos pelo organizador<\/span><\/li>\n<\/ul>\n<p>\u00a0<\/p>\n<p>\u00a0<\/p>\n\t\t\t\t\t\t\t\t<\/div>\n\t\t\t\t<\/div>\n\t\t\t\t\t<\/div>\n\t\t\t\t<\/div>\n\t\t\t\t<\/div>","protected":false},"excerpt":{"rendered":"<p>\u00a0 Policies and Conditions By requesting and completing the ticket purchase, the person responsible for the reservation declares that they agree to the terms below and assumes responsibility for all participants included in the booking. Responsibilities of the SALES CHANNEL The SALES CHANNEL is responsible for: Issuing tickets provided by the event organizer Communicating with [&hellip;]<\/p>\n","protected":false},"author":1,"featured_media":0,"parent":0,"menu_order":0,"comment_status":"closed","ping_status":"closed","template":"","meta":{"footnotes":""},"class_list":["post-957","page","type-page","status-publish","hentry"],"_links":{"self":[{"href":"https:\/\/chiangmainewyearcountdown.kikiporai.com\/pt\/wp-json\/wp\/v2\/pages\/957","targetHints":{"allow":["GET"]}}],"collection":[{"href":"https:\/\/chiangmainewyearcountdown.kikiporai.com\/pt\/wp-json\/wp\/v2\/pages"}],"about":[{"href":"https:\/\/chiangmainewyearcountdown.kikiporai.com\/pt\/wp-json\/wp\/v2\/types\/page"}],"author":[{"embeddable":true,"href":"https:\/\/chiangmainewyearcountdown.kikiporai.com\/pt\/wp-json\/wp\/v2\/users\/1"}],"replies":[{"embeddable":true,"href":"https:\/\/chiangmainewyearcountdown.kikiporai.com\/pt\/wp-json\/wp\/v2\/comments?post=957"}],"version-history":[{"count":11,"href":"https:\/\/chiangmainewyearcountdown.kikiporai.com\/pt\/wp-json\/wp\/v2\/pages\/957\/revisions"}],"predecessor-version":[{"id":1084,"href":"https:\/\/chiangmainewyearcountdown.kikiporai.com\/pt\/wp-json\/wp\/v2\/pages\/957\/revisions\/1084"}],"wp:attachment":[{"href":"https:\/\/chiangmainewyearcountdown.kikiporai.com\/pt\/wp-json\/wp\/v2\/media?parent=957"}],"curies":[{"name":"wp","href":"https:\/\/api.w.org\/{rel}","templated":true}]}}